{"id":325,"date":"2019-12-05T14:16:46","date_gmt":"2019-12-05T14:16:46","guid":{"rendered":"https:\/\/whatwapp.wpengine.com\/siamo-qui-per-fare-la-differenza-nellindustria-del-mobile-gaming\/"},"modified":"2024-03-20T15:38:38","modified_gmt":"2024-03-20T14:38:38","slug":"about","status":"publish","type":"page","link":"https:\/\/whatwapp.com\/it\/about\/","title":{"rendered":"Siamo qui per fare la differenza nell\u2019industria del mobile gaming."},"content":{"rendered":"<section id=\"block_6e03637f27defb2b0620a388fde0a747\" class=\"hero align\">\n  <div class=\"container-fluid\">\n    <div class=\"hero__title\">Siamo qui per fare la differenza nell\u2019industria del mobile gaming.<\/div>\n            <div class=\"hero__gallery\">\n            <div class=\"hero__gallery-item\">\n         \n        <img loading=\"lazy\" decoding=\"async\" width=\"930\" height=\"870\" src=\"https:\/\/whatwapp.com\/wp-content\/uploads\/2022\/03\/WhatWapp_ALTA_RISOLUZIONE-8-930x870.jpg\" class=\"attachment-hero_square size-hero_square\" alt=\"\" \/>\n      <\/div>\n            <div class=\"hero__gallery-item\">\n         \n        <img loading=\"lazy\" decoding=\"async\" width=\"930\" height=\"615\" src=\"https:\/\/whatwapp.com\/wp-content\/uploads\/2022\/03\/About2-930x615.jpg\" class=\"attachment-hero_landscape size-hero_landscape\" alt=\"\" srcset=\"https:\/\/whatwapp.com\/wp-content\/uploads\/2022\/03\/About2.jpg 930w, https:\/\/whatwapp.com\/wp-content\/uploads\/2022\/03\/About2-300x198.jpg 300w, https:\/\/whatwapp.com\/wp-content\/uploads\/2022\/03\/About2-768x508.jpg 768w\" sizes=\"auto, (max-width: 930px) 100vw, 930px\" \/>\n      <\/div>\n          <\/div>\n      <\/div>\n        <\/section>\n\n\n<div class=\"wp-block-group text-content container-fluid is-layout-flow wp-block-group-is-layout-flow\">\n<h4 class=\"wp-block-heading color--arctic\">La nostra storia<\/h4>\n\n\n\n<h4 class=\"wp-block-heading\"><strong>Abbiamo iniziato per passione, con il solo obiettivo di divertire le persone<\/strong><\/h4>\n\n\n\n<p>Era una notte buia e tempestosa&#8230; Zuckerberg contava il 54.320.000 utente, Jobs lanciava il primo iPad e Google iniziava un progetto segreto per migliorare il mondo.<\/p>\n\n\n\n<p>Nel frattempo, due studenti iniziavano a muovere i loro primi passi nel mondo delle applicazioni.<\/p>\n\n\n\n<p>Siamo nel 2013, e tra aule studio, case e garage, tra esami e notti insonni, nasce timidamente la collaborazione tra Alessandro e Martina dando vita a Whatwapp, destinata a diventare un\u2019azienda leader nello sviluppo di giochi in ambito mobile sulle piattaforme iOS e Android.<br><\/p>\n<\/div>\n\n\n\n<figure class=\"wp-block-image size-full is-style-default\"><img loading=\"lazy\" decoding=\"async\" width=\"1920\" height=\"1280\" src=\"https:\/\/whatwapp.com\/wp-content\/uploads\/2022\/05\/WHATWAPP0316LOWRES-1-1.png\" alt=\"\" class=\"wp-image-2874\" srcset=\"https:\/\/whatwapp.com\/wp-content\/uploads\/2022\/05\/WHATWAPP0316LOWRES-1-1.png 1920w, https:\/\/whatwapp.com\/wp-content\/uploads\/2022\/05\/WHATWAPP0316LOWRES-1-1-300x200.png 300w, https:\/\/whatwapp.com\/wp-content\/uploads\/2022\/05\/WHATWAPP0316LOWRES-1-1-1024x683.png 1024w, https:\/\/whatwapp.com\/wp-content\/uploads\/2022\/05\/WHATWAPP0316LOWRES-1-1-768x512.png 768w, https:\/\/whatwapp.com\/wp-content\/uploads\/2022\/05\/WHATWAPP0316LOWRES-1-1-1536x1024.png 1536w, https:\/\/whatwapp.com\/wp-content\/uploads\/2022\/05\/WHATWAPP0316LOWRES-1-1-765x510.png 765w\" sizes=\"auto, (max-width: 1920px) 100vw, 1920px\" \/><\/figure>\n\n\n\n<div class=\"wp-block-group text-content container-fluid is-layout-flow wp-block-group-is-layout-flow\">\n<h4 class=\"wp-block-heading color--shamrock\">In cosa crediamo<\/h4>\n\n\n\n<h4 class=\"wp-block-heading\"><strong>Le persone sono al centro del nostro mondo. Prima le persone, poi tutto il resto.<\/strong><\/h4>\n\n\n\n<p>Alla base della nostra realt\u00e0 c\u2019\u00e8 una forte cultura aziendale che ruota interamente attorno alle persone. <\/p>\n\n\n\n<p>Il nostro obiettivo \u00e8 di creare un ambiente che sia basato sulla fiducia, cercando di portare le persone ad esprimere appieno il loro potenziale, esaltando autonomia e proattivit\u00e0.<\/p>\n<\/div>\n\n\n<section id=\"block_e6d1e645c327577fa42b6454052ce9bd\" class=\"colored-cards align\">\n  <div class=\"container-fluid\">\n            <div class=\"card colored-cards__card colored-cards__card--arctic\">\n      <div class=\"colored-cards__card-image\">\n        <img loading=\"lazy\" decoding=\"async\" width=\"800\" height=\"800\" src=\"https:\/\/whatwapp.com\/wp-content\/uploads\/2023\/11\/critical-thinking.png\" class=\"attachment-core_values size-core_values\" alt=\"\" srcset=\"https:\/\/whatwapp.com\/wp-content\/uploads\/2023\/11\/critical-thinking.png 800w, https:\/\/whatwapp.com\/wp-content\/uploads\/2023\/11\/critical-thinking-300x300.png 300w, https:\/\/whatwapp.com\/wp-content\/uploads\/2023\/11\/critical-thinking-150x150.png 150w, https:\/\/whatwapp.com\/wp-content\/uploads\/2023\/11\/critical-thinking-768x768.png 768w, https:\/\/whatwapp.com\/wp-content\/uploads\/2023\/11\/critical-thinking-200x200.png 200w\" sizes=\"auto, (max-width: 800px) 100vw, 800px\" \/>\n      <\/div>\n      <div class=\"colored-cards__card-text\">\n                <h4>Use critical<br \/>\r\nthinking<\/h4>\n                        <p>Don&#8217;t assume,<br \/>\r\nvalidate your gut feeling<\/p>\n              <\/div>\n          <\/div>\n            <div class=\"card colored-cards__card colored-cards__card--honey\">\n      <div class=\"colored-cards__card-image\">\n        <img loading=\"lazy\" decoding=\"async\" width=\"800\" height=\"800\" src=\"https:\/\/whatwapp.com\/wp-content\/uploads\/2023\/11\/share-ideas.png\" class=\"attachment-core_values size-core_values\" alt=\"\" srcset=\"https:\/\/whatwapp.com\/wp-content\/uploads\/2023\/11\/share-ideas.png 800w, https:\/\/whatwapp.com\/wp-content\/uploads\/2023\/11\/share-ideas-300x300.png 300w, https:\/\/whatwapp.com\/wp-content\/uploads\/2023\/11\/share-ideas-150x150.png 150w, https:\/\/whatwapp.com\/wp-content\/uploads\/2023\/11\/share-ideas-768x768.png 768w, https:\/\/whatwapp.com\/wp-content\/uploads\/2023\/11\/share-ideas-200x200.png 200w\" sizes=\"auto, (max-width: 800px) 100vw, 800px\" \/>\n      <\/div>\n      <div class=\"colored-cards__card-text\">\n                <h4>SHARE<br \/>\r\nIDEAS<\/h4>\n                        <p>TO REDUCE BIAS<br \/>\r\nAND IMPROVE RESULTS<\/p>\n              <\/div>\n          <\/div>\n            <div class=\"card colored-cards__card colored-cards__card--apple\">\n      <div class=\"colored-cards__card-image\">\n        <img loading=\"lazy\" decoding=\"async\" width=\"800\" height=\"800\" src=\"https:\/\/whatwapp.com\/wp-content\/uploads\/2023\/11\/work-on.png\" class=\"attachment-core_values size-core_values\" alt=\"\" srcset=\"https:\/\/whatwapp.com\/wp-content\/uploads\/2023\/11\/work-on.png 800w, https:\/\/whatwapp.com\/wp-content\/uploads\/2023\/11\/work-on-300x300.png 300w, https:\/\/whatwapp.com\/wp-content\/uploads\/2023\/11\/work-on-150x150.png 150w, https:\/\/whatwapp.com\/wp-content\/uploads\/2023\/11\/work-on-768x768.png 768w, https:\/\/whatwapp.com\/wp-content\/uploads\/2023\/11\/work-on-200x200.png 200w\" sizes=\"auto, (max-width: 800px) 100vw, 800px\" \/>\n      <\/div>\n      <div class=\"colored-cards__card-text\">\n                <h4>WORK ON<br \/>\r\nTHE PROBLEM<\/h4>\n                        <p>NOT JUST THE SYMPTOMS<\/p>\n              <\/div>\n          <\/div>\n            <div class=\"card colored-cards__card colored-cards__card--honey\">\n      <div class=\"colored-cards__card-image\">\n        <img loading=\"lazy\" decoding=\"async\" width=\"800\" height=\"800\" src=\"https:\/\/whatwapp.com\/wp-content\/uploads\/2023\/11\/dont-complicate.png\" class=\"attachment-core_values size-core_values\" alt=\"\" srcset=\"https:\/\/whatwapp.com\/wp-content\/uploads\/2023\/11\/dont-complicate.png 800w, https:\/\/whatwapp.com\/wp-content\/uploads\/2023\/11\/dont-complicate-300x300.png 300w, https:\/\/whatwapp.com\/wp-content\/uploads\/2023\/11\/dont-complicate-150x150.png 150w, https:\/\/whatwapp.com\/wp-content\/uploads\/2023\/11\/dont-complicate-768x768.png 768w, https:\/\/whatwapp.com\/wp-content\/uploads\/2023\/11\/dont-complicate-200x200.png 200w\" sizes=\"auto, (max-width: 800px) 100vw, 800px\" \/>\n      <\/div>\n      <div class=\"colored-cards__card-text\">\n                <h4>DON\u2019T OVER-<br \/>\r\nCOMPLICATE IT<\/h4>\n                        <p>KEEP IT SIMPLE AND EFFECTIVE<\/p>\n              <\/div>\n          <\/div>\n            <div class=\"card colored-cards__card colored-cards__card--apple\">\n      <div class=\"colored-cards__card-image\">\n        <img loading=\"lazy\" decoding=\"async\" width=\"800\" height=\"800\" src=\"https:\/\/whatwapp.com\/wp-content\/uploads\/2023\/11\/take-ownership.png\" class=\"attachment-core_values size-core_values\" alt=\"\" srcset=\"https:\/\/whatwapp.com\/wp-content\/uploads\/2023\/11\/take-ownership.png 800w, https:\/\/whatwapp.com\/wp-content\/uploads\/2023\/11\/take-ownership-300x300.png 300w, https:\/\/whatwapp.com\/wp-content\/uploads\/2023\/11\/take-ownership-150x150.png 150w, https:\/\/whatwapp.com\/wp-content\/uploads\/2023\/11\/take-ownership-768x768.png 768w, https:\/\/whatwapp.com\/wp-content\/uploads\/2023\/11\/take-ownership-200x200.png 200w\" sizes=\"auto, (max-width: 800px) 100vw, 800px\" \/>\n      <\/div>\n      <div class=\"colored-cards__card-text\">\n                <h4>TAKE<br \/>\r\nOWNERSHIP<\/h4>\n                        <p>AND MAKE IT HAPPEN<\/p>\n              <\/div>\n          <\/div>\n            <div class=\"card colored-cards__card colored-cards__card--shamrock\">\n      <div class=\"colored-cards__card-image\">\n        <img loading=\"lazy\" decoding=\"async\" width=\"800\" height=\"800\" src=\"https:\/\/whatwapp.com\/wp-content\/uploads\/2023\/11\/love.png\" class=\"attachment-core_values size-core_values\" alt=\"\" srcset=\"https:\/\/whatwapp.com\/wp-content\/uploads\/2023\/11\/love.png 800w, https:\/\/whatwapp.com\/wp-content\/uploads\/2023\/11\/love-300x300.png 300w, https:\/\/whatwapp.com\/wp-content\/uploads\/2023\/11\/love-150x150.png 150w, https:\/\/whatwapp.com\/wp-content\/uploads\/2023\/11\/love-768x768.png 768w, https:\/\/whatwapp.com\/wp-content\/uploads\/2023\/11\/love-200x200.png 200w\" sizes=\"auto, (max-width: 800px) 100vw, 800px\" \/>\n      <\/div>\n      <div class=\"colored-cards__card-text\">\n                <h4>LOVE WHAT<br \/>\r\nYOU DO<\/h4>\n                        <p>AND HAVE FUN DOING IT<\/p>\n              <\/div>\n          <\/div>\n      <\/div>\n<\/section>\n\n<section id=\"block_f8effca1507ec89a3d49afe99e3ddbec\" class=\"video align video--wide \">\n      <h3 class=\"video__title\"><\/h3>\n    <div class=\"video__media\">\n        <div class=\"video__iframe\">\n        <iframe loading=\"lazy\" width=\"560\" height=\"315\" src=\"https:\/\/www.youtube-nocookie.com\/embed\/h-qPS-JF8Bo?rel=0&#038;controls=0\" title=\"YouTube video player\" frameborder=\"0\" allow=\"accelerometer; autoplay; clipboard-write; encrypted-media; gyroscope; picture-in-picture; web-share\" allowfullscreen><\/iframe>\n    <\/div>\n      <\/div>\n<\/section>\n\n\n\n<div class=\"wp-block-group text-content container-fluid is-layout-flow wp-block-group-is-layout-flow\">\n<h4 class=\"wp-block-heading color--honey\">Il nostro Team<\/h4>\n\n\n\n<h4 class=\"wp-block-heading\"><strong>Siamo guidati da due principi fondamentali: far divertire le persone e l\u2019amore per i videogiochi.<\/strong><\/h4>\n\n\n\n<p>Abbiamo imparato che una comunicazione chiara, semplice e sincera \u00e8 lo strumento migliore per raggiungere velocemente qualsiasi traguardo, se condiviso da tutti. Il nostro team \u00e8 composto da gente autonoma, che abbraccia le novit\u00e0 e non si spaventa di fronte a ci\u00f2 che non conosce, <\/p>\n\n\n\n<p>sempre guidata da un unico, collettivo, obiettivo: realizzare qualcosa di grande, innovativo e divertente. E di farlo velocemente. Partiamo dal semplice assunto che le domande stupide non esistano, che i processi creativi debbano essere sempre guidati dal presupposto che un\u2019idea possa sempre essere migliorata e che i dati ci daranno la risposta. E poi ricominciamo daccapo.<\/p>\n<\/div>\n\n\n<section id=\"block_6f1d99d9f2a9f1f234cbba6e92b68a10\" class=\"container-fluid gallery--layout-a gallery align\">\n      <div class=\"gallery__wrap\">\n      <div class=\"gallery__item\">\n      <figure>\n        <img loading=\"lazy\" decoding=\"async\" width=\"765\" height=\"510\" src=\"https:\/\/whatwapp.com\/wp-content\/uploads\/2022\/03\/About_bottom4-765x510.jpg\" class=\"attachment-gallery_2 size-gallery_2\" alt=\"\" srcset=\"https:\/\/whatwapp.com\/wp-content\/uploads\/2022\/03\/About_bottom4-765x510.jpg 765w, https:\/\/whatwapp.com\/wp-content\/uploads\/2022\/03\/About_bottom4-300x200.jpg 300w, https:\/\/whatwapp.com\/wp-content\/uploads\/2022\/03\/About_bottom4-1024x683.jpg 1024w, https:\/\/whatwapp.com\/wp-content\/uploads\/2022\/03\/About_bottom4-768x512.jpg 768w, https:\/\/whatwapp.com\/wp-content\/uploads\/2022\/03\/About_bottom4.jpg 1536w\" sizes=\"auto, (max-width: 765px) 100vw, 765px\" \/>\n                      <\/figure>\n    <\/div>\n      <div class=\"gallery__item\">\n      <figure>\n        <img loading=\"lazy\" decoding=\"async\" width=\"765\" height=\"510\" src=\"https:\/\/whatwapp.com\/wp-content\/uploads\/2022\/03\/About_bottomsection-765x510.jpg\" class=\"attachment-gallery_2 size-gallery_2\" alt=\"\" \/>\n                      <\/figure>\n    <\/div>\n      <div class=\"gallery__item\">\n      <figure>\n        <img loading=\"lazy\" decoding=\"async\" width=\"765\" height=\"510\" src=\"https:\/\/whatwapp.com\/wp-content\/uploads\/2022\/03\/About_bottom1-765x510.jpg\" class=\"attachment-gallery_2 size-gallery_2\" alt=\"\" \/>\n                      <\/figure>\n    <\/div>\n      <div class=\"gallery__item\">\n      <figure>\n        <img loading=\"lazy\" decoding=\"async\" width=\"765\" height=\"510\" src=\"https:\/\/whatwapp.com\/wp-content\/uploads\/2022\/03\/About_bottom2-765x510.jpg\" class=\"attachment-gallery_2 size-gallery_2\" alt=\"\" srcset=\"https:\/\/whatwapp.com\/wp-content\/uploads\/2022\/03\/About_bottom2-765x510.jpg 765w, https:\/\/whatwapp.com\/wp-content\/uploads\/2022\/03\/About_bottom2-300x200.jpg 300w, https:\/\/whatwapp.com\/wp-content\/uploads\/2022\/03\/About_bottom2-1024x683.jpg 1024w, https:\/\/whatwapp.com\/wp-content\/uploads\/2022\/03\/About_bottom2-768x512.jpg 768w, https:\/\/whatwapp.com\/wp-content\/uploads\/2022\/03\/About_bottom2.jpg 1536w\" sizes=\"auto, (max-width: 765px) 100vw, 765px\" \/>\n                      <\/figure>\n    <\/div>\n    <\/div>\n  <\/section>\n\n<section id=\"block_6ff793685d1d87f74e83a74dcee042b0\" class=\"testimonial align container-fluid testimonial--shadow-honey\">\n  <blockquote><p>La nostra <strong>cultura<\/strong> \u00e8 <strong>centrata sulle persone<\/strong>.<\/p>\n<p>Crediamo che riunire le <strong>persone migliori a lavorare insieme<\/strong> sia la chiave per raggiungere il successo.<\/p>\n<\/blockquote>\n    <img loading=\"lazy\" decoding=\"async\" width=\"200\" height=\"200\" src=\"https:\/\/whatwapp.com\/wp-content\/uploads\/2019\/12\/photo1-200x200.png\" class=\"attachment-testimonial size-testimonial\" alt=\"\" srcset=\"https:\/\/whatwapp.com\/wp-content\/uploads\/2019\/12\/photo1-200x200.png 200w, https:\/\/whatwapp.com\/wp-content\/uploads\/2019\/12\/photo1-150x150.png 150w, https:\/\/whatwapp.com\/wp-content\/uploads\/2019\/12\/photo1-500x500.png 500w\" sizes=\"auto, (max-width: 200px) 100vw, 200px\" \/>\n    <div class=\"testimonial__author\">Martina Gianfreda<\/div>\n  <div class=\"testimonial__role\">Co-CEO<\/div>\n<\/section>\n\n<section id=\"block_5ddbb90599728\" class=\"cta call-to-action align\">\n  <div class=\"container-fluid\">\n    <div class=\"cta__wrap\">\n      <div class=\"cta__title\"><p><strong>Vogliamo fare la differenza .<\/strong><br \/>\nLavora con noi e creiamo fantastici giochi mobile, insieme.<\/p>\n<\/div>\n      <a href=\"\/it\/careers\/\" class=\"btn btn--alt cta__link\">Unisciti a noi <span class=\"emoji\" style=\"background-image:url(https:\/\/whatwapp.com\/wp-content\/uploads\/2019\/11\/megaphone.png)\"><\/span><\/a>\n    <\/div>\n  <\/div>\n<\/section>","protected":false},"excerpt":{"rendered":"<p>La nostra storia Abbiamo iniziato per passione, con il solo obiettivo di divertire le persone Era una notte buia e tempestosa&#8230; Zuckerberg contava il 54.320.000 utente, Jobs lanciava il primo iPad e Google iniziava un progetto segreto per migliorare il mondo. Nel frattempo, due studenti iniziavano a muovere i loro primi passi nel mondo delle <a href=\"https:\/\/whatwapp.com\/it\/about\/\">&hellip;<\/a><\/p>\n","protected":false},"author":1,"featured_media":0,"parent":0,"menu_order":0,"comment_status":"closed","ping_status":"closed","template":"","meta":{"_acf_changed":true,"footnotes":""},"class_list":["post-325","page","type-page","status-publish","hentry"],"acf":[],"yoast_head":"<!-- This site is optimized with the Yoast SEO plugin v27.3 - https:\/\/yoast.com\/product\/yoast-seo-wordpress\/ -->\n<title>Chi Siamo &#8226; Whatwapp<\/title>\n<meta name=\"description\" content=\"Giocatori, sognatori, innovatori: scopri il team che ci aiuta a raggiungere la nostra missione. Amiamo i giochi, il design e codice.\" \/>\n<meta name=\"robots\" content=\"index, follow, max-snippet:-1, max-image-preview:large, max-video-preview:-1\" \/>\n<link rel=\"canonical\" href=\"https:\/\/whatwapp.com\/it\/about\/\" \/>\n<meta property=\"og:locale\" content=\"it_IT\" \/>\n<meta property=\"og:type\" content=\"article\" \/>\n<meta property=\"og:title\" content=\"Chi Siamo &#8226; Whatwapp\" \/>\n<meta property=\"og:description\" content=\"Giocatori, sognatori, innovatori: scopri il team che ci aiuta a raggiungere la nostra missione. Amiamo i giochi, il design e codice.\" \/>\n<meta property=\"og:url\" content=\"https:\/\/whatwapp.com\/it\/about\/\" \/>\n<meta property=\"og:site_name\" content=\"Whatwapp\" \/>\n<meta property=\"article:publisher\" content=\"https:\/\/www.facebook.com\/WhatWapp\/\" \/>\n<meta property=\"article:modified_time\" content=\"2024-03-20T14:38:38+00:00\" \/>\n<meta property=\"og:image\" content=\"https:\/\/whatwapp.com\/wp-content\/uploads\/2022\/05\/WHATWAPP0316LOWRES-1-1.png\" \/>\n<meta name=\"twitter:card\" content=\"summary_large_image\" \/>\n<meta name=\"twitter:site\" content=\"@whatwapp\" \/>\n<meta name=\"twitter:label1\" content=\"Tempo di lettura stimato\" \/>\n\t<meta name=\"twitter:data1\" content=\"2 minuti\" \/>\n<script type=\"application\/ld+json\" class=\"yoast-schema-graph\">{\"@context\":\"https:\\\/\\\/schema.org\",\"@graph\":[{\"@type\":\"WebPage\",\"@id\":\"https:\\\/\\\/whatwapp.com\\\/it\\\/about\\\/\",\"url\":\"https:\\\/\\\/whatwapp.com\\\/it\\\/about\\\/\",\"name\":\"Chi Siamo &#8226; Whatwapp\",\"isPartOf\":{\"@id\":\"https:\\\/\\\/whatwapp.com\\\/it\\\/#website\"},\"primaryImageOfPage\":{\"@id\":\"https:\\\/\\\/whatwapp.com\\\/it\\\/about\\\/#primaryimage\"},\"image\":{\"@id\":\"https:\\\/\\\/whatwapp.com\\\/it\\\/about\\\/#primaryimage\"},\"thumbnailUrl\":\"https:\\\/\\\/whatwapp.com\\\/wp-content\\\/uploads\\\/2022\\\/05\\\/WHATWAPP0316LOWRES-1-1.png\",\"datePublished\":\"2019-12-05T14:16:46+00:00\",\"dateModified\":\"2024-03-20T14:38:38+00:00\",\"description\":\"Giocatori, sognatori, innovatori: scopri il team che ci aiuta a raggiungere la nostra missione. Amiamo i giochi, il design e codice.\",\"breadcrumb\":{\"@id\":\"https:\\\/\\\/whatwapp.com\\\/it\\\/about\\\/#breadcrumb\"},\"inLanguage\":\"it-IT\",\"potentialAction\":[{\"@type\":\"ReadAction\",\"target\":[\"https:\\\/\\\/whatwapp.com\\\/it\\\/about\\\/\"]}]},{\"@type\":\"ImageObject\",\"inLanguage\":\"it-IT\",\"@id\":\"https:\\\/\\\/whatwapp.com\\\/it\\\/about\\\/#primaryimage\",\"url\":\"https:\\\/\\\/whatwapp.com\\\/wp-content\\\/uploads\\\/2022\\\/05\\\/WHATWAPP0316LOWRES-1-1.png\",\"contentUrl\":\"https:\\\/\\\/whatwapp.com\\\/wp-content\\\/uploads\\\/2022\\\/05\\\/WHATWAPP0316LOWRES-1-1.png\"},{\"@type\":\"BreadcrumbList\",\"@id\":\"https:\\\/\\\/whatwapp.com\\\/it\\\/about\\\/#breadcrumb\",\"itemListElement\":[{\"@type\":\"ListItem\",\"position\":1,\"name\":\"Home\",\"item\":\"https:\\\/\\\/whatwapp.com\\\/it\\\/\"},{\"@type\":\"ListItem\",\"position\":2,\"name\":\"Siamo qui per fare la differenza nell\u2019industria del mobile gaming.\"}]},{\"@type\":\"WebSite\",\"@id\":\"https:\\\/\\\/whatwapp.com\\\/it\\\/#website\",\"url\":\"https:\\\/\\\/whatwapp.com\\\/it\\\/\",\"name\":\"Whatwapp\",\"description\":\"\",\"publisher\":{\"@id\":\"https:\\\/\\\/whatwapp.com\\\/it\\\/#organization\"},\"potentialAction\":[{\"@type\":\"SearchAction\",\"target\":{\"@type\":\"EntryPoint\",\"urlTemplate\":\"https:\\\/\\\/whatwapp.com\\\/it\\\/?s={search_term_string}\"},\"query-input\":{\"@type\":\"PropertyValueSpecification\",\"valueRequired\":true,\"valueName\":\"search_term_string\"}}],\"inLanguage\":\"it-IT\"},{\"@type\":\"Organization\",\"@id\":\"https:\\\/\\\/whatwapp.com\\\/it\\\/#organization\",\"name\":\"Whatwapp\",\"url\":\"https:\\\/\\\/whatwapp.com\\\/it\\\/\",\"logo\":{\"@type\":\"ImageObject\",\"inLanguage\":\"it-IT\",\"@id\":\"https:\\\/\\\/whatwapp.com\\\/it\\\/#\\\/schema\\\/logo\\\/image\\\/\",\"url\":\"https:\\\/\\\/whatwapp.com\\\/wp-content\\\/uploads\\\/2023\\\/10\\\/icon_whatwapp_logo_vertical.jpg\",\"contentUrl\":\"https:\\\/\\\/whatwapp.com\\\/wp-content\\\/uploads\\\/2023\\\/10\\\/icon_whatwapp_logo_vertical.jpg\",\"width\":1024,\"height\":1024,\"caption\":\"Whatwapp\"},\"image\":{\"@id\":\"https:\\\/\\\/whatwapp.com\\\/it\\\/#\\\/schema\\\/logo\\\/image\\\/\"},\"sameAs\":[\"https:\\\/\\\/www.facebook.com\\\/WhatWapp\\\/\",\"https:\\\/\\\/x.com\\\/whatwapp\",\"https:\\\/\\\/www.instagram.com\\\/whatwapp.it\\\/\",\"https:\\\/\\\/www.linkedin.com\\\/company\\\/whatwapp-entertainment-srl\"]}]}<\/script>\n<!-- \/ Yoast SEO plugin. -->","yoast_head_json":{"title":"Chi Siamo &#8226; Whatwapp","description":"Giocatori, sognatori, innovatori: scopri il team che ci aiuta a raggiungere la nostra missione. Amiamo i giochi, il design e codice.","robots":{"index":"index","follow":"follow","max-snippet":"max-snippet:-1","max-image-preview":"max-image-preview:large","max-video-preview":"max-video-preview:-1"},"canonical":"https:\/\/whatwapp.com\/it\/about\/","og_locale":"it_IT","og_type":"article","og_title":"Chi Siamo &#8226; Whatwapp","og_description":"Giocatori, sognatori, innovatori: scopri il team che ci aiuta a raggiungere la nostra missione. Amiamo i giochi, il design e codice.","og_url":"https:\/\/whatwapp.com\/it\/about\/","og_site_name":"Whatwapp","article_publisher":"https:\/\/www.facebook.com\/WhatWapp\/","article_modified_time":"2024-03-20T14:38:38+00:00","og_image":[{"url":"https:\/\/whatwapp.com\/wp-content\/uploads\/2022\/05\/WHATWAPP0316LOWRES-1-1.png","type":"","width":"","height":""}],"twitter_card":"summary_large_image","twitter_site":"@whatwapp","twitter_misc":{"Tempo di lettura stimato":"2 minuti"},"schema":{"@context":"https:\/\/schema.org","@graph":[{"@type":"WebPage","@id":"https:\/\/whatwapp.com\/it\/about\/","url":"https:\/\/whatwapp.com\/it\/about\/","name":"Chi Siamo &#8226; Whatwapp","isPartOf":{"@id":"https:\/\/whatwapp.com\/it\/#website"},"primaryImageOfPage":{"@id":"https:\/\/whatwapp.com\/it\/about\/#primaryimage"},"image":{"@id":"https:\/\/whatwapp.com\/it\/about\/#primaryimage"},"thumbnailUrl":"https:\/\/whatwapp.com\/wp-content\/uploads\/2022\/05\/WHATWAPP0316LOWRES-1-1.png","datePublished":"2019-12-05T14:16:46+00:00","dateModified":"2024-03-20T14:38:38+00:00","description":"Giocatori, sognatori, innovatori: scopri il team che ci aiuta a raggiungere la nostra missione. Amiamo i giochi, il design e codice.","breadcrumb":{"@id":"https:\/\/whatwapp.com\/it\/about\/#breadcrumb"},"inLanguage":"it-IT","potentialAction":[{"@type":"ReadAction","target":["https:\/\/whatwapp.com\/it\/about\/"]}]},{"@type":"ImageObject","inLanguage":"it-IT","@id":"https:\/\/whatwapp.com\/it\/about\/#primaryimage","url":"https:\/\/whatwapp.com\/wp-content\/uploads\/2022\/05\/WHATWAPP0316LOWRES-1-1.png","contentUrl":"https:\/\/whatwapp.com\/wp-content\/uploads\/2022\/05\/WHATWAPP0316LOWRES-1-1.png"},{"@type":"BreadcrumbList","@id":"https:\/\/whatwapp.com\/it\/about\/#breadcrumb","itemListElement":[{"@type":"ListItem","position":1,"name":"Home","item":"https:\/\/whatwapp.com\/it\/"},{"@type":"ListItem","position":2,"name":"Siamo qui per fare la differenza nell\u2019industria del mobile gaming."}]},{"@type":"WebSite","@id":"https:\/\/whatwapp.com\/it\/#website","url":"https:\/\/whatwapp.com\/it\/","name":"Whatwapp","description":"","publisher":{"@id":"https:\/\/whatwapp.com\/it\/#organization"},"potentialAction":[{"@type":"SearchAction","target":{"@type":"EntryPoint","urlTemplate":"https:\/\/whatwapp.com\/it\/?s={search_term_string}"},"query-input":{"@type":"PropertyValueSpecification","valueRequired":true,"valueName":"search_term_string"}}],"inLanguage":"it-IT"},{"@type":"Organization","@id":"https:\/\/whatwapp.com\/it\/#organization","name":"Whatwapp","url":"https:\/\/whatwapp.com\/it\/","logo":{"@type":"ImageObject","inLanguage":"it-IT","@id":"https:\/\/whatwapp.com\/it\/#\/schema\/logo\/image\/","url":"https:\/\/whatwapp.com\/wp-content\/uploads\/2023\/10\/icon_whatwapp_logo_vertical.jpg","contentUrl":"https:\/\/whatwapp.com\/wp-content\/uploads\/2023\/10\/icon_whatwapp_logo_vertical.jpg","width":1024,"height":1024,"caption":"Whatwapp"},"image":{"@id":"https:\/\/whatwapp.com\/it\/#\/schema\/logo\/image\/"},"sameAs":["https:\/\/www.facebook.com\/WhatWapp\/","https:\/\/x.com\/whatwapp","https:\/\/www.instagram.com\/whatwapp.it\/","https:\/\/www.linkedin.com\/company\/whatwapp-entertainment-srl"]}]}},"_links":{"self":[{"href":"https:\/\/whatwapp.com\/it\/wp-json\/wp\/v2\/pages\/325","targetHints":{"allow":["GET"]}}],"collection":[{"href":"https:\/\/whatwapp.com\/it\/wp-json\/wp\/v2\/pages"}],"about":[{"href":"https:\/\/whatwapp.com\/it\/wp-json\/wp\/v2\/types\/page"}],"author":[{"embeddable":true,"href":"https:\/\/whatwapp.com\/it\/wp-json\/wp\/v2\/users\/1"}],"replies":[{"embeddable":true,"href":"https:\/\/whatwapp.com\/it\/wp-json\/wp\/v2\/comments?post=325"}],"version-history":[{"count":0,"href":"https:\/\/whatwapp.com\/it\/wp-json\/wp\/v2\/pages\/325\/revisions"}],"wp:attachment":[{"href":"https:\/\/whatwapp.com\/it\/wp-json\/wp\/v2\/media?parent=325"}],"curies":[{"name":"wp","href":"https:\/\/api.w.org\/{rel}","templated":true}]}}