{"id":350,"date":"2019-12-05T14:42:06","date_gmt":"2019-12-05T14:42:06","guid":{"rendered":"https:\/\/whatwapp.wpengine.com\/ridiamo-vita-ai-giochi-tradizionali-portandoli-sui-dispositivi-mobile\/"},"modified":"2022-09-27T16:18:45","modified_gmt":"2022-09-27T15:18:45","slug":"giochi","status":"publish","type":"page","link":"https:\/\/whatwapp.com\/it\/giochi\/","title":{"rendered":"Ridiamo vita ai giochi tradizionali portandoli sui dispositivi mobile."},"content":{"rendered":"<section id=\"block_5ddbbb4faa8aa\" class=\"hero align\">\n  <div class=\"container-fluid\">\n    <div class=\"hero__title\">Ridiamo vita ai giochi tradizionali portandoli sui dispositivi mobile.<\/div>\n          <\/div>\n          <div class=\"hero__large-image\">\n    <img loading=\"lazy\" decoding=\"async\" width=\"2048\" height=\"867\" src=\"https:\/\/whatwapp.com\/wp-content\/uploads\/2022\/09\/cover-games-MOD-2048x867-1.png\" class=\"attachment-full size-full\" alt=\"\" srcset=\"https:\/\/whatwapp.com\/wp-content\/uploads\/2022\/09\/cover-games-MOD-2048x867-1.png 2048w, https:\/\/whatwapp.com\/wp-content\/uploads\/2022\/09\/cover-games-MOD-2048x867-1-300x127.png 300w, https:\/\/whatwapp.com\/wp-content\/uploads\/2022\/09\/cover-games-MOD-2048x867-1-1024x434.png 1024w, https:\/\/whatwapp.com\/wp-content\/uploads\/2022\/09\/cover-games-MOD-2048x867-1-768x325.png 768w, https:\/\/whatwapp.com\/wp-content\/uploads\/2022\/09\/cover-games-MOD-2048x867-1-1536x650.png 1536w\" sizes=\"auto, (max-width: 2048px) 100vw, 2048px\" \/>\n  <\/div>\n  <\/section>\n\n<section id=\"block_5ddfa9ede65bb\" class=\"section-with-bg bg-color--arctic games-list align\">\n  <div class=\"container-fluid\">\n        <div class=\"games__counter js-counter\" data-endpoint=\"https:\/\/stats.whatwapp.io\/api\/v1\/stats\" data-refresh=\"5\"><div class=\"games__counter-loading icon-spinner\"><\/div><\/div>\n    <div class=\"games__counter admin-only\"><span>XXXXXXXX<\/span><\/div>\n            <div class=\"games__title\"><p><span style=\"font-weight: 400;\">sono le persone<\/span> <span style=\"font-weight: 400;\">che fino<\/span> <span style=\"font-weight: 400;\">ad ora hanno <strong>riscoperto<\/strong><\/span> <span style=\"font-weight: 400;\">il piacere <\/span><span style=\"font-weight: 400;\">dei giochi tradizionali, scaricando i nostri<\/span> <span style=\"font-weight: 400;\">giochi<\/span><span style=\"font-weight: 400;\">.<\/span><\/p>\n<\/div>\n                <div class=\"card games__card\">\n      <div class=\"games__card-content\">\n        <div class=\"games__card-title\">Scopa: la Sfida<\/div>\n        <div class=\"games__card-text\">\n          \n<p>La nostra Scopa: la Sfida \u00e8 il numero uno dei giochi di carte gratis pi\u00f9 amati in Italia e vanta milioni di giocatori in tutto il mondo. \u00c8 l&#8217;originale gioco di Scopa, il gioco di carte tradizionale per eccellenza. Accetti la sfida? Raggiungi la vetta della classifica e diventa il miglior giocatore di Scopa di tutta Italia!<\/p>\n\n\n\n<p><\/p>\n\n        <\/div>\n                <div class=\"games__card-links\">\n          <a href=\"https:\/\/play.google.com\/store\/apps\/details?id=com.WhatWapp.Scopa\" target=\"_blank\" class=\"google-play-btn\">Scarica da Google Play<\/a>\n          <a href=\"https:\/\/apps.apple.com\/it\/app\/scopa-la-sfida-card-games\/id827784354\" target=\"_blank\" class=\"app-store-btn\">Scarica da App Store<\/a>\n        <\/div>\n              <\/div>\n            <div class=\"games__card-image\">\n        <img loading=\"lazy\" decoding=\"async\" width=\"1200\" height=\"675\" src=\"https:\/\/whatwapp.com\/wp-content\/uploads\/2019\/11\/A33E9399-C568-4CD5-80E7-A33166FCDF4E-1200x675.png\" class=\"attachment-game size-game wp-post-image\" alt=\"\" srcset=\"https:\/\/whatwapp.com\/wp-content\/uploads\/2019\/11\/A33E9399-C568-4CD5-80E7-A33166FCDF4E-1200x675.png 1200w, https:\/\/whatwapp.com\/wp-content\/uploads\/2019\/11\/A33E9399-C568-4CD5-80E7-A33166FCDF4E-300x169.png 300w, https:\/\/whatwapp.com\/wp-content\/uploads\/2019\/11\/A33E9399-C568-4CD5-80E7-A33166FCDF4E-1024x576.png 1024w, https:\/\/whatwapp.com\/wp-content\/uploads\/2019\/11\/A33E9399-C568-4CD5-80E7-A33166FCDF4E-768x432.png 768w, https:\/\/whatwapp.com\/wp-content\/uploads\/2019\/11\/A33E9399-C568-4CD5-80E7-A33166FCDF4E-1536x864.png 1536w, https:\/\/whatwapp.com\/wp-content\/uploads\/2019\/11\/A33E9399-C568-4CD5-80E7-A33166FCDF4E.png 1920w\" sizes=\"auto, (max-width: 1200px) 100vw, 1200px\" \/>\n      <\/div>\n          <\/div>\n            <div class=\"card games__card\">\n      <div class=\"games__card-content\">\n        <div class=\"games__card-title\">Belote: le Defi<\/div>\n        <div class=\"games__card-text\">\n          \n<p>Belote: le D\u00e9fi \u00e8 il gioco di Belote e Coinche dedicato a tutti gli appassionati del classico gioco di carte. Avviso a tutti Beloteurs: all\u2019apertura del gioco potrete ottenere gratis un super regalo di benvenuto! Punta, gioca, vinci e divertiti giocando a Belote e Coinche in tutta semplicit\u00e0. Impara con gli esperti, sali in classifica e vinci sempre di pi\u00f9.<\/p>\n\n        <\/div>\n                <div class=\"games__card-links\">\n          <a href=\"https:\/\/play.google.com\/store\/apps\/details?id=com.WhatWapp.BeloteLeDefi\" target=\"_blank\" class=\"google-play-btn\">Scarica da Google Play<\/a>\n          <a href=\"https:\/\/apps.apple.com\/it\/app\/belote-la-sfida\/id1185533990\" target=\"_blank\" class=\"app-store-btn\">Scarica da App Store<\/a>\n        <\/div>\n              <\/div>\n            <div class=\"games__card-image\">\n        <img loading=\"lazy\" decoding=\"async\" width=\"1200\" height=\"675\" src=\"https:\/\/whatwapp.com\/wp-content\/uploads\/2019\/12\/B3C55372-FA5D-429D-9CCE-AEA954005521-1200x675.jpeg\" class=\"attachment-game size-game wp-post-image\" alt=\"\" srcset=\"https:\/\/whatwapp.com\/wp-content\/uploads\/2019\/12\/B3C55372-FA5D-429D-9CCE-AEA954005521-1200x675.jpeg 1200w, https:\/\/whatwapp.com\/wp-content\/uploads\/2019\/12\/B3C55372-FA5D-429D-9CCE-AEA954005521-300x169.jpeg 300w, https:\/\/whatwapp.com\/wp-content\/uploads\/2019\/12\/B3C55372-FA5D-429D-9CCE-AEA954005521-1024x576.jpeg 1024w, https:\/\/whatwapp.com\/wp-content\/uploads\/2019\/12\/B3C55372-FA5D-429D-9CCE-AEA954005521-768x432.jpeg 768w, https:\/\/whatwapp.com\/wp-content\/uploads\/2019\/12\/B3C55372-FA5D-429D-9CCE-AEA954005521-1536x864.jpeg 1536w, https:\/\/whatwapp.com\/wp-content\/uploads\/2019\/12\/B3C55372-FA5D-429D-9CCE-AEA954005521.jpeg 1920w\" sizes=\"auto, (max-width: 1200px) 100vw, 1200px\" \/>\n      <\/div>\n          <\/div>\n            <div class=\"card games__card\">\n      <div class=\"games__card-content\">\n        <div class=\"games__card-title\">Burraco Italiano: la Sfida<\/div>\n        <div class=\"games__card-text\">\n          \n<p>Il pi\u00f9 popolare Burraco online con regolamento Italiano! Scarica gratis il pi\u00f9 giocato e completo gioco di Burraco, l&#8217;unico con regolamento italiano e con diverse modalit\u00e0 di partita, scelta del numero di giocatori, premi e puntate, grafica in orizzontale e verticale. Gioca online anche senza registrazione, oppure accedi con Facebook. Scoprilo subito!<\/p>\n\n        <\/div>\n                <div class=\"games__card-links\">\n          <a href=\"https:\/\/play.google.com\/store\/apps\/details?id=com.WhatWapp.BurracoOnline\" target=\"_blank\" class=\"google-play-btn\">Scarica da Google Play<\/a>\n          <a href=\"https:\/\/apps.apple.com\/it\/app\/burraco-italiano-la-sfida\/id1019117289\" target=\"_blank\" class=\"app-store-btn\">Scarica da App Store<\/a>\n        <\/div>\n              <\/div>\n            <div class=\"games__card-image\">\n        <img loading=\"lazy\" decoding=\"async\" width=\"1200\" height=\"675\" src=\"https:\/\/whatwapp.com\/wp-content\/uploads\/2019\/12\/45B2DC8E-BE3E-4A81-ADC5-593657CDE3CF-1200x675.jpeg\" class=\"attachment-game size-game wp-post-image\" alt=\"\" srcset=\"https:\/\/whatwapp.com\/wp-content\/uploads\/2019\/12\/45B2DC8E-BE3E-4A81-ADC5-593657CDE3CF-1200x675.jpeg 1200w, https:\/\/whatwapp.com\/wp-content\/uploads\/2019\/12\/45B2DC8E-BE3E-4A81-ADC5-593657CDE3CF-300x169.jpeg 300w, https:\/\/whatwapp.com\/wp-content\/uploads\/2019\/12\/45B2DC8E-BE3E-4A81-ADC5-593657CDE3CF-1024x576.jpeg 1024w, https:\/\/whatwapp.com\/wp-content\/uploads\/2019\/12\/45B2DC8E-BE3E-4A81-ADC5-593657CDE3CF-768x432.jpeg 768w, https:\/\/whatwapp.com\/wp-content\/uploads\/2019\/12\/45B2DC8E-BE3E-4A81-ADC5-593657CDE3CF-1536x864.jpeg 1536w, https:\/\/whatwapp.com\/wp-content\/uploads\/2019\/12\/45B2DC8E-BE3E-4A81-ADC5-593657CDE3CF.jpeg 1920w\" sizes=\"auto, (max-width: 1200px) 100vw, 1200px\" \/>\n      <\/div>\n          <\/div>\n          <\/div>\n<\/section>\n\n\n<section id=\"block_5ddbb90599728\" class=\"cta call-to-action align\">\n  <div class=\"container-fluid\">\n    <div class=\"cta__wrap\">\n      <div class=\"cta__title\"><p><strong>Vogliamo fare la differenza .<\/strong><br \/>\nLavora con noi e creiamo fantastici giochi mobile, insieme.<\/p>\n<\/div>\n      <a href=\"\/it\/careers\/\" class=\"btn btn--alt cta__link\">Unisciti a noi <span class=\"emoji\" style=\"background-image:url(https:\/\/whatwapp.com\/wp-content\/uploads\/2019\/11\/megaphone.png)\"><\/span><\/a>\n    <\/div>\n  <\/div>\n<\/section>\n\n\n<p><\/p>\n","protected":false},"excerpt":{"rendered":"","protected":false},"author":1,"featured_media":0,"parent":0,"menu_order":0,"comment_status":"closed","ping_status":"closed","template":"","meta":{"_acf_changed":false,"footnotes":""},"class_list":["post-350","page","type-page","status-publish","hentry"],"acf":[],"yoast_head":"<!-- This site is optimized with the Yoast SEO plugin v27.5 - https:\/\/yoast.com\/product\/yoast-seo-wordpress\/ -->\n<title>Giochi &#8226; Whatwapp<\/title>\n<meta name=\"description\" content=\"In un mercato sempre pi\u00f9 competitivo la qualit\u00e0 fa la differenza. Chiunque pu\u00f2 essere un videogiocatore, perch\u00e8 il divertimento non ha limiti o et\u00e0.\" \/>\n<meta name=\"robots\" content=\"index, follow, max-snippet:-1, max-image-preview:large, max-video-preview:-1\" \/>\n<link rel=\"canonical\" href=\"https:\/\/whatwapp.com\/it\/giochi\/\" \/>\n<meta property=\"og:locale\" content=\"it_IT\" \/>\n<meta property=\"og:type\" content=\"article\" \/>\n<meta property=\"og:title\" content=\"Giochi &#8226; Whatwapp\" \/>\n<meta property=\"og:description\" content=\"In un mercato sempre pi\u00f9 competitivo la qualit\u00e0 fa la differenza. Chiunque pu\u00f2 essere un videogiocatore, perch\u00e8 il divertimento non ha limiti o et\u00e0.\" \/>\n<meta property=\"og:url\" content=\"https:\/\/whatwapp.com\/it\/giochi\/\" \/>\n<meta property=\"og:site_name\" content=\"Whatwapp\" \/>\n<meta property=\"article:publisher\" content=\"https:\/\/www.facebook.com\/WhatWapp\/\" \/>\n<meta property=\"article:modified_time\" content=\"2022-09-27T15:18:45+00:00\" \/>\n<meta name=\"twitter:card\" content=\"summary_large_image\" \/>\n<meta name=\"twitter:site\" content=\"@whatwapp\" \/>\n<script type=\"application\/ld+json\" class=\"yoast-schema-graph\">{\"@context\":\"https:\\\/\\\/schema.org\",\"@graph\":[{\"@type\":\"WebPage\",\"@id\":\"https:\\\/\\\/whatwapp.com\\\/it\\\/giochi\\\/\",\"url\":\"https:\\\/\\\/whatwapp.com\\\/it\\\/giochi\\\/\",\"name\":\"Giochi &#8226; Whatwapp\",\"isPartOf\":{\"@id\":\"https:\\\/\\\/whatwapp.com\\\/it\\\/#website\"},\"datePublished\":\"2019-12-05T14:42:06+00:00\",\"dateModified\":\"2022-09-27T15:18:45+00:00\",\"description\":\"In un mercato sempre pi\u00f9 competitivo la qualit\u00e0 fa la differenza. Chiunque pu\u00f2 essere un videogiocatore, perch\u00e8 il divertimento non ha limiti o et\u00e0.\",\"breadcrumb\":{\"@id\":\"https:\\\/\\\/whatwapp.com\\\/it\\\/giochi\\\/#breadcrumb\"},\"inLanguage\":\"it-IT\",\"potentialAction\":[{\"@type\":\"ReadAction\",\"target\":[\"https:\\\/\\\/whatwapp.com\\\/it\\\/giochi\\\/\"]}]},{\"@type\":\"BreadcrumbList\",\"@id\":\"https:\\\/\\\/whatwapp.com\\\/it\\\/giochi\\\/#breadcrumb\",\"itemListElement\":[{\"@type\":\"ListItem\",\"position\":1,\"name\":\"Home\",\"item\":\"https:\\\/\\\/whatwapp.com\\\/it\\\/\"},{\"@type\":\"ListItem\",\"position\":2,\"name\":\"Ridiamo vita ai giochi tradizionali portandoli sui dispositivi mobile.\"}]},{\"@type\":\"WebSite\",\"@id\":\"https:\\\/\\\/whatwapp.com\\\/it\\\/#website\",\"url\":\"https:\\\/\\\/whatwapp.com\\\/it\\\/\",\"name\":\"Whatwapp\",\"description\":\"\",\"publisher\":{\"@id\":\"https:\\\/\\\/whatwapp.com\\\/it\\\/#organization\"},\"potentialAction\":[{\"@type\":\"SearchAction\",\"target\":{\"@type\":\"EntryPoint\",\"urlTemplate\":\"https:\\\/\\\/whatwapp.com\\\/it\\\/?s={search_term_string}\"},\"query-input\":{\"@type\":\"PropertyValueSpecification\",\"valueRequired\":true,\"valueName\":\"search_term_string\"}}],\"inLanguage\":\"it-IT\"},{\"@type\":\"Organization\",\"@id\":\"https:\\\/\\\/whatwapp.com\\\/it\\\/#organization\",\"name\":\"Whatwapp\",\"url\":\"https:\\\/\\\/whatwapp.com\\\/it\\\/\",\"logo\":{\"@type\":\"ImageObject\",\"inLanguage\":\"it-IT\",\"@id\":\"https:\\\/\\\/whatwapp.com\\\/it\\\/#\\\/schema\\\/logo\\\/image\\\/\",\"url\":\"https:\\\/\\\/whatwapp.com\\\/wp-content\\\/uploads\\\/2023\\\/10\\\/icon_whatwapp_logo_vertical.jpg\",\"contentUrl\":\"https:\\\/\\\/whatwapp.com\\\/wp-content\\\/uploads\\\/2023\\\/10\\\/icon_whatwapp_logo_vertical.jpg\",\"width\":1024,\"height\":1024,\"caption\":\"Whatwapp\"},\"image\":{\"@id\":\"https:\\\/\\\/whatwapp.com\\\/it\\\/#\\\/schema\\\/logo\\\/image\\\/\"},\"sameAs\":[\"https:\\\/\\\/www.facebook.com\\\/WhatWapp\\\/\",\"https:\\\/\\\/x.com\\\/whatwapp\",\"https:\\\/\\\/www.instagram.com\\\/whatwapp.it\\\/\",\"https:\\\/\\\/www.linkedin.com\\\/company\\\/whatwapp-entertainment-srl\"]}]}<\/script>\n<!-- \/ Yoast SEO plugin. -->","yoast_head_json":{"title":"Giochi &#8226; Whatwapp","description":"In un mercato sempre pi\u00f9 competitivo la qualit\u00e0 fa la differenza. Chiunque pu\u00f2 essere un videogiocatore, perch\u00e8 il divertimento non ha limiti o et\u00e0.","robots":{"index":"index","follow":"follow","max-snippet":"max-snippet:-1","max-image-preview":"max-image-preview:large","max-video-preview":"max-video-preview:-1"},"canonical":"https:\/\/whatwapp.com\/it\/giochi\/","og_locale":"it_IT","og_type":"article","og_title":"Giochi &#8226; Whatwapp","og_description":"In un mercato sempre pi\u00f9 competitivo la qualit\u00e0 fa la differenza. Chiunque pu\u00f2 essere un videogiocatore, perch\u00e8 il divertimento non ha limiti o et\u00e0.","og_url":"https:\/\/whatwapp.com\/it\/giochi\/","og_site_name":"Whatwapp","article_publisher":"https:\/\/www.facebook.com\/WhatWapp\/","article_modified_time":"2022-09-27T15:18:45+00:00","twitter_card":"summary_large_image","twitter_site":"@whatwapp","schema":{"@context":"https:\/\/schema.org","@graph":[{"@type":"WebPage","@id":"https:\/\/whatwapp.com\/it\/giochi\/","url":"https:\/\/whatwapp.com\/it\/giochi\/","name":"Giochi &#8226; Whatwapp","isPartOf":{"@id":"https:\/\/whatwapp.com\/it\/#website"},"datePublished":"2019-12-05T14:42:06+00:00","dateModified":"2022-09-27T15:18:45+00:00","description":"In un mercato sempre pi\u00f9 competitivo la qualit\u00e0 fa la differenza. Chiunque pu\u00f2 essere un videogiocatore, perch\u00e8 il divertimento non ha limiti o et\u00e0.","breadcrumb":{"@id":"https:\/\/whatwapp.com\/it\/giochi\/#breadcrumb"},"inLanguage":"it-IT","potentialAction":[{"@type":"ReadAction","target":["https:\/\/whatwapp.com\/it\/giochi\/"]}]},{"@type":"BreadcrumbList","@id":"https:\/\/whatwapp.com\/it\/giochi\/#breadcrumb","itemListElement":[{"@type":"ListItem","position":1,"name":"Home","item":"https:\/\/whatwapp.com\/it\/"},{"@type":"ListItem","position":2,"name":"Ridiamo vita ai giochi tradizionali portandoli sui dispositivi mobile."}]},{"@type":"WebSite","@id":"https:\/\/whatwapp.com\/it\/#website","url":"https:\/\/whatwapp.com\/it\/","name":"Whatwapp","description":"","publisher":{"@id":"https:\/\/whatwapp.com\/it\/#organization"},"potentialAction":[{"@type":"SearchAction","target":{"@type":"EntryPoint","urlTemplate":"https:\/\/whatwapp.com\/it\/?s={search_term_string}"},"query-input":{"@type":"PropertyValueSpecification","valueRequired":true,"valueName":"search_term_string"}}],"inLanguage":"it-IT"},{"@type":"Organization","@id":"https:\/\/whatwapp.com\/it\/#organization","name":"Whatwapp","url":"https:\/\/whatwapp.com\/it\/","logo":{"@type":"ImageObject","inLanguage":"it-IT","@id":"https:\/\/whatwapp.com\/it\/#\/schema\/logo\/image\/","url":"https:\/\/whatwapp.com\/wp-content\/uploads\/2023\/10\/icon_whatwapp_logo_vertical.jpg","contentUrl":"https:\/\/whatwapp.com\/wp-content\/uploads\/2023\/10\/icon_whatwapp_logo_vertical.jpg","width":1024,"height":1024,"caption":"Whatwapp"},"image":{"@id":"https:\/\/whatwapp.com\/it\/#\/schema\/logo\/image\/"},"sameAs":["https:\/\/www.facebook.com\/WhatWapp\/","https:\/\/x.com\/whatwapp","https:\/\/www.instagram.com\/whatwapp.it\/","https:\/\/www.linkedin.com\/company\/whatwapp-entertainment-srl"]}]}},"_links":{"self":[{"href":"https:\/\/whatwapp.com\/it\/wp-json\/wp\/v2\/pages\/350","targetHints":{"allow":["GET"]}}],"collection":[{"href":"https:\/\/whatwapp.com\/it\/wp-json\/wp\/v2\/pages"}],"about":[{"href":"https:\/\/whatwapp.com\/it\/wp-json\/wp\/v2\/types\/page"}],"author":[{"embeddable":true,"href":"https:\/\/whatwapp.com\/it\/wp-json\/wp\/v2\/users\/1"}],"replies":[{"embeddable":true,"href":"https:\/\/whatwapp.com\/it\/wp-json\/wp\/v2\/comments?post=350"}],"version-history":[{"count":0,"href":"https:\/\/whatwapp.com\/it\/wp-json\/wp\/v2\/pages\/350\/revisions"}],"wp:attachment":[{"href":"https:\/\/whatwapp.com\/it\/wp-json\/wp\/v2\/media?parent=350"}],"curies":[{"name":"wp","href":"https:\/\/api.w.org\/{rel}","templated":true}]}}